{"id":199,"date":"2023-05-11T13:20:32","date_gmt":"2023-05-11T11:20:32","guid":{"rendered":"http:\/\/miezel.de\/neu\/?page_id=199"},"modified":"2023-05-12T17:39:58","modified_gmt":"2023-05-12T15:39:58","slug":"links","status":"publish","type":"page","link":"https:\/\/miezel.de\/en\/links\/","title":{"rendered":"Links"},"content":{"rendered":"\n<p>Links zu sehr sehenswerten Seiten!<\/p>\n\n\n\n<p><a href=\"http:\/\/www.quellenhof-passbrunn.de\/\" target=\"_blank\" rel=\"noreferrer noopener\">Tierheim Passbrunn<\/a><br>Aus diesem Tierheim wurde ich abgeholt.<br>Ganz viele liebe Tiere warten hier auch auf ihr zu Hause.<\/p>\n\n\n\n<p><a href=\"http:\/\/www.tsv-neuss.de\/\" target=\"_blank\" rel=\"noreferrer noopener\">Tierschutzverein Neuss e.V.<\/a><br>Hier kann man sich Infos \u00fcber Whooly, meinen Patenbruder und viele seiner Freunde holen. Eine Vermittlungsseite gibts auch.<\/p>\n\n\n\n<p><a href=\"http:\/\/ataxiekatzen.de\/\" target=\"_blank\" rel=\"noreferrer noopener\">Feline Senses<\/a><br>Jede Menge toller Informationen rund um das Thema Ataxie bei Katzen. Au\u00dferdem gibts noch eine Vermittlungs-Seite f\u00fcr Wackelkatzen, die kann auch gleich hier angeschaut werden: <a href=\"http:\/\/ataxiekatzen.blogspot.de\/\" target=\"_blank\" rel=\"noreferrer noopener\">Ataxiekatzen-Notfellchen<\/a>.<\/p>\n\n\n\n<p><a href=\"http:\/\/dubarfst.eu\/\" target=\"_blank\" rel=\"noreferrer noopener\">dubarfst<\/a><br>F\u00fcr alle, die mehr \u00fcber das Barfen erfahren oder damit anfangen m\u00f6chten. Hier erhaltet ihr alle erdenklichen Infos, auch ein eigenes dubarfst-Magazin zum Bestellen (sehr, sehr interessant!), ein Forum und noch viel, viel mehr. Ein Besuch lohnt sich =)<\/p>\n\n\n\n<p><a href=\"http:\/\/www.savannahcat.de\/katzenernaehrung.html\" target=\"_blank\" rel=\"noreferrer noopener\">Savannah Cats<\/a><br>Ganz tolle Seite mit wichtigen, grundlegenden Infos \u00fcber Katzenern\u00e4hrung.<\/p>\n\n\n\n<p><a href=\"http:\/\/www.russh\u00e4usl.de\/\" target=\"_blank\" rel=\"noreferrer noopener\">Russh\u00e4usl Katzenhilfe <\/a>oder facebook-Seite: <a href=\"https:\/\/www.facebook.com\/Russhaeusl\" target=\"_blank\" rel=\"noreferrer noopener\">Russh\u00e4usl \u2013 facebook<\/a><br>Ein sehr sch\u00f6nes Projek f\u00fcr hilfebed\u00fcrftige Katzen, von denen es leider ja sehr viele gibt.<\/p>\n","protected":false},"excerpt":{"rendered":"<p>Links zu sehr sehenswerten Seiten! Tierheim PassbrunnAus diesem Tierheim wurde ich abgeholt.Ganz viele liebe Tiere warten hier auch auf ihr zu Hause. Tierschutzverein Neuss e.V.Hier kann man sich Infos \u00fcber Whooly, meinen Patenbruder und viele seiner Freunde holen. Eine Vermittlungsseite gibts auch. Feline SensesJede Menge toller Informationen rund um das Thema Ataxie bei Katzen. Au\u00dferdem&hellip; <a href=\"https:\/\/miezel.de\/en\/links\/\" class=\"more-link\">Continue reading <span class=\"screen-reader-text\">Links<\/span><\/a><\/p>\n","protected":false},"author":1,"featured_media":577,"parent":0,"menu_order":0,"comment_status":"closed","ping_status":"closed","template":"","meta":{"footnotes":""},"tags":[],"class_list":["post-199","page","type-page","status-publish","has-post-thumbnail","hentry","without-featured-image"],"translation":{"provider":"WPGlobus","version":"2.12.2","language":"en","enabled_languages":["de","en"],"languages":{"de":{"title":true,"content":true,"excerpt":false},"en":{"title":false,"content":false,"excerpt":false}}},"_links":{"self":[{"href":"https:\/\/miezel.de\/en\/wp-json\/wp\/v2\/pages\/199","targetHints":{"allow":["GET"]}}],"collection":[{"href":"https:\/\/miezel.de\/en\/wp-json\/wp\/v2\/pages"}],"about":[{"href":"https:\/\/miezel.de\/en\/wp-json\/wp\/v2\/types\/page"}],"author":[{"embeddable":true,"href":"https:\/\/miezel.de\/en\/wp-json\/wp\/v2\/users\/1"}],"replies":[{"embeddable":true,"href":"https:\/\/miezel.de\/en\/wp-json\/wp\/v2\/comments?post=199"}],"version-history":[{"count":1,"href":"https:\/\/miezel.de\/en\/wp-json\/wp\/v2\/pages\/199\/revisions"}],"predecessor-version":[{"id":200,"href":"https:\/\/miezel.de\/en\/wp-json\/wp\/v2\/pages\/199\/revisions\/200"}],"wp:featuredmedia":[{"embeddable":true,"href":"https:\/\/miezel.de\/en\/wp-json\/wp\/v2\/media\/577"}],"wp:attachment":[{"href":"https:\/\/miezel.de\/en\/wp-json\/wp\/v2\/media?parent=199"}],"wp:term":[{"taxonomy":"post_tag","embeddable":true,"href":"https:\/\/miezel.de\/en\/wp-json\/wp\/v2\/tags?post=199"}],"curies":[{"name":"wp","href":"https:\/\/api.w.org\/{rel}","templated":true}]}}