{"id":81,"date":"2023-05-11T11:30:40","date_gmt":"2023-05-11T09:30:40","guid":{"rendered":"http:\/\/miezel.de\/neu\/?page_id=81"},"modified":"2023-05-13T18:32:51","modified_gmt":"2023-05-13T16:32:51","slug":"ataxie","status":"publish","type":"page","link":"https:\/\/miezel.de\/en\/ataxie\/","title":{"rendered":"Ataxie"},"content":{"rendered":"\n<h1 class=\"wp-block-heading\">Grunds\u00e4tzliche Infos<\/h1>\n\n\n\n<p>Als Ataxie bezeichnet man allgemein St\u00f6rungen der Bewegungskoordination.<br>Diese Krankheit tritt nat\u00fcrlich nicht nur bei Katzen auf. Pferde, Hunde und sogar Menschen k\u00f6nnen hieran erkranken.<\/p>\n\n\n\n<p>Es gibt viele Ursachen, die Ataxien hervorrufen k\u00f6nnen.<\/p>\n\n\n\n<p>Die h\u00e4ufigste Ursache ist eine Erkrankung des Kleinhirns. Das Kleinhirn hat die Aufgabe die Informationen aus dem R\u00fcckenmark, den Sinnesorganen und des Gleichgewichtsorgans zu koordinieren und in motorische Bewegungen umzusezten. Kommen die Informationen gar nicht oder fehlerhaft an, kommt es dementsprechend zu St\u00f6rungen im Bewegungsablauf.<\/p>\n\n\n\n<p>Oft wird die Ataxie auch durch Verletzungen des empfindlichen Nervensystems hervorgerufen. Wird beispielsweise das R\u00fcckenmark verletzt, k\u00f6nnen Informationen hier nicht mehr richtig weitergegeben werden. Aber auch Infekte im Mutterleib k\u00f6nnen dazu beitragen, dass kleine K\u00e4tzchen mit Ataxie auf die Welt kommen.<\/p>\n\n\n\n\n\n<p><\/p>\n\n\n\n<h1 class=\"wp-block-heading\">Heilung<\/h1>\n\n\n\n<p>Mir w\u00e4re nicht bekannt, dass eine Ataxie bei Katzen geheilt werden kann.<br>Da ja meist das betroffene Organsystem des Nervensystems gesch\u00e4digt ist, kann man hier nicht einfach durch eine Tablette alles wieder heilen.<br>Meist wird die Ataxie jedoch im Alter leichter. Da die Tiere durch gezielte \u00dcbungen, durch Training aber auch lediglich durch Muskelaufbau bei viel Bewegung den St\u00f6rungen entgegenwirken.<strong><br><\/strong><\/p>\n\n\n\n<h1 class=\"wp-block-heading\">Wie \u00e4u\u00dfert sich eine Ataxie?<\/h1>\n\n\n\n<p>Katzen die Ataxie haben stehen sehr wackelig auf den Beinen. Viele wackeln auch beim Sitzen mit dem Kopf und haben deswegen oft Probleme beim Fressen oder Trinken. Tiere, die eine st\u00e4rkere Auspr\u00e4gung der Krankheit haben, k\u00f6nnen keine Treppen steigen und fallen h\u00e4ufig mal um. Oft k\u00f6nnen auch Entfernungen nicht richtig abgesch\u00e4tzt werden. Im Allgemeinen wirken Katzen mit Ataxie steif und tapsig.<\/p>\n\n\n\n<p>Katzen mit Ataxie sind sehr empfindlich bei lauten Ger\u00e4uschen und sind in der Regel auch schreckhafter als ihre gesunden Gesellen. Au\u00dferdem k\u00f6nnen sie sich meist nur schwer an neue Situationen gew\u00f6hnen und lieben daher ihre gewohnte Routine.<\/p>\n\n\n\n<p><\/p>\n\n\n\n<h1 class=\"wp-block-heading\">Warum eine Ataxie-Katze?<\/h1>\n\n\n\n<p>Naja, der Kobold versteht es schon auch, wenn man sich nicht unbedingt eine behinderte oder kranke Katze holt.<br>Aber wer schon mal mit einer Ataxie-Katze zu tun hatte, der merkt was f\u00fcr zufriedene, dankbare und liebe kleine Sch\u00e4tze sie sind.<\/p>\n\n\n\n<p>Ich bin z. B. der wahrscheinlich bravste Kater der Welt. Nie w\u00fcrde mir einfallen mal b\u00f6se zu jemanden zu sein.<br>Geht eigentlich auch schon gar nicht, weil ich erst mal vor jedem Fremden schrecklich Angst haben muss und mich erstmal verstecke.<\/p>\n\n\n\n<p>Eigentlich wollten das Ferkel und der Kobold ja auch gar keine Katze. Aber die Schwester vom Kobold wollte f\u00fcr Ihre T\u00f6chter aus dem Tierheim kleine K\u00e4tzchen holen und da ist der Kobold mitgefahren. Als er mich dann in meinem Zimmer gesehen hat, hat er sich sofort verliebt! Ja ich war da schon so putzig \ud83d\ude09<\/p>\n\n\n\n<p>Man muss ggf. Treppen sichern oder aufpassen, dass die Tiere nirgends runterfallen k\u00f6nnen. Manche k\u00f6nnen auch nicht auf ein normales Katzenklo gehen, da sie den Einstieg nicht \u00fcberwinden k\u00f6nnen. Aber wie gesagt, kommt auch darauf an, wie stark sie erkrankt sind.<\/p>\n\n\n\n<p>Ich bin jedenfalls froh, dass ich aus dem Tierheim hierher geholt wurde. Und ich bin mittlerweile auch ein richtiger Schmusekater geworden, das hat auch recht lang gedauert. Am Anfang wollte ich mich gar nicht tragen lassen und bin lieber alleine in meinem Katzenbett gelegen. Und jetzt m\u00fcssen das Ferkel und der Kobold zusehen, dass sie auf meiner Couch auch genug Platz kriegen. Und wenn endlich jemand von der Arbeit heimkommt, wird der sofort ganz lange begr\u00fc\u00dft mit lautem Maunzen, schmusen und schnurren und allem was dazugeh\u00f6rt.<\/p>\n\n\n\n<p><\/p>\n\n\n\n<h1 class=\"wp-block-heading\">Ataxie beim Miezel<\/h1>\n\n\n\n<p>Ich kann Gott sei Dank schon Treppensteigen. Ich muss hier nur aufpassen, dass ich mich nicht erschrecke oder zu schnell werde. Dann passiert es schon mal, dass ich zwei \u2013 drei Stufen runterrutsche. Unsere Treppe (zum Keller runter) ist aber weder steil, noch muss ich viele Stufen runter. Es sind ca. 5 breite Stufen zu einer Art Podest, wo mein Klo steht und wo es nach drau\u00dfen in den Garten geht und dann ums Eck nochmal 5 Stufen runter in den Keller.<\/p>\n\n\n\n<p>Ansonsten bin ich schon sehr tapsig. Wenn man mir beim Gehen zusieht, merkt man, dass ich immer eine Pfote vor die andere setze und nicht immer zwei gleichzeitig, wie normale Katzen. Ich wackle sehr mit dem Hinterteil, meine Vorderpfoten kann ich eigentlich recht normal benutzen.<br>Lustig finden es das Ferkel und der Kobold auch, dass es sich auf dem Laminatboden zu Hause immer anh\u00f6rt, als w\u00e4re ein Elefant im Anmarsch. Nichts mit lautlosem J\u00e4ger also\u2026 Naja, ich kenns ja nicht anders.<\/p>\n\n\n\n<p>Drau\u00dfen im Gras kann ich mich viel besser bewegen, da es auf dem Laminat schon recht rutschig ist. Da drau\u00dfen kann ich dann immer zeigen, wie schnell ich eigentlich sein kann! Blo\u00df das Bremsen ist schon wieder etwas schwierig. Aber das kann ich mittlerweile auch schon viel, viel besser.<\/p>\n\n\n\n<p>Wenn ich mich erschrecke oder beim Spielen wieder zu \u00fcberm\u00fctig bin (was sehr h\u00e4ufig der Fall ist) passiert es mir auch oft, dass ich wo dagegen laufe oder mit dem Po am T\u00fcrstock h\u00e4ngen bleibe.<\/p>\n\n\n\n<p>Ich kann auch normal fressen, hier wackle ich zwar schon ein wenig, aber nicht so stark, dass es mich beim Fressen st\u00f6rt.<\/p>\n\n\n\n<p>Was noch? Das glaub ich waren schon die auff\u00e4lligsten Sachen.<br>Jeder der mich das erste mal sieht fragt, ob ich denn betrunken sei. Ganz sch\u00f6n frech diese Menschen ;P<\/p>\n\n\n\n<p><\/p>\n\n\n\n<p><\/p>\n","protected":false},"excerpt":{"rendered":"<p>Grunds\u00e4tzliche Infos Als Ataxie bezeichnet man allgemein St\u00f6rungen der Bewegungskoordination.Diese Krankheit tritt nat\u00fcrlich nicht nur bei Katzen auf. Pferde, Hunde und sogar Menschen k\u00f6nnen hieran erkranken. Es gibt viele Ursachen, die Ataxien hervorrufen k\u00f6nnen. Die h\u00e4ufigste Ursache ist eine Erkrankung des Kleinhirns. Das Kleinhirn hat die Aufgabe die Informationen aus dem R\u00fcckenmark, den Sinnesorganen und&hellip; <a href=\"https:\/\/miezel.de\/en\/ataxie\/\" class=\"more-link\">Continue reading <span class=\"screen-reader-text\">Ataxie<\/span><\/a><\/p>\n","protected":false},"author":1,"featured_media":575,"parent":0,"menu_order":0,"comment_status":"closed","ping_status":"closed","template":"","meta":{"footnotes":""},"tags":[],"class_list":["post-81","page","type-page","status-publish","has-post-thumbnail","hentry","without-featured-image"],"translation":{"provider":"WPGlobus","version":"2.12.2","language":"en","enabled_languages":["de","en"],"languages":{"de":{"title":true,"content":true,"excerpt":false},"en":{"title":false,"content":false,"excerpt":false}}},"_links":{"self":[{"href":"https:\/\/miezel.de\/en\/wp-json\/wp\/v2\/pages\/81","targetHints":{"allow":["GET"]}}],"collection":[{"href":"https:\/\/miezel.de\/en\/wp-json\/wp\/v2\/pages"}],"about":[{"href":"https:\/\/miezel.de\/en\/wp-json\/wp\/v2\/types\/page"}],"author":[{"embeddable":true,"href":"https:\/\/miezel.de\/en\/wp-json\/wp\/v2\/users\/1"}],"replies":[{"embeddable":true,"href":"https:\/\/miezel.de\/en\/wp-json\/wp\/v2\/comments?post=81"}],"version-history":[{"count":11,"href":"https:\/\/miezel.de\/en\/wp-json\/wp\/v2\/pages\/81\/revisions"}],"predecessor-version":[{"id":796,"href":"https:\/\/miezel.de\/en\/wp-json\/wp\/v2\/pages\/81\/revisions\/796"}],"wp:featuredmedia":[{"embeddable":true,"href":"https:\/\/miezel.de\/en\/wp-json\/wp\/v2\/media\/575"}],"wp:attachment":[{"href":"https:\/\/miezel.de\/en\/wp-json\/wp\/v2\/media?parent=81"}],"wp:term":[{"taxonomy":"post_tag","embeddable":true,"href":"https:\/\/miezel.de\/en\/wp-json\/wp\/v2\/tags?post=81"}],"curies":[{"name":"wp","href":"https:\/\/api.w.org\/{rel}","templated":true}]}}